{"id":54,"date":"2017-07-17T08:40:59","date_gmt":"2017-07-17T08:40:59","guid":{"rendered":"http:\/\/zk.kleszczewo.pl\/bip\/?page_id=54"},"modified":"2017-07-17T09:40:59","modified_gmt":"2017-07-17T09:40:59","slug":"instrukcja","status":"publish","type":"page","link":"https:\/\/zk.kleszczewo.pl\/bip\/instrukcja\/","title":{"rendered":"Instrukcja"},"content":{"rendered":"<h2><i class=\"fa fa-info fa-fw\"><\/i>\u00a0Informacje og\u00f3lne<\/h2>\n<p>Strona BIP tworzona jest zgodnie z nast\u0119puj\u0105cymi aktami prawnymi:<\/p>\n<ul>\n<li>Ustawa z dnia 6 wrze\u015bnia 2001 r. o dost\u0119pie do informacji publicznej (Dz. U. Nr 112, poz. 1198, z p\u00f3\u017an.zm.),<\/li>\n<li>Rozporz\u0105dzenie Ministra Spraw Wewn\u0119trznych i Administracji z dnia 18 stycznia 2007 r. w sprawie Biuletynu Informacji Publicznej(Dz.U. 2007 nr 10 poz. 68).<\/li>\n<\/ul>\n<p>Biuletynu Informacji Publicznej spe\u0142nia lub implementuje nast\u0119puj\u0105ce standardy:<\/p>\n<ul>\n<li>Wymagania WCAG 2.0 na poziomie wymaganym przez ustaw\u0119 lub wy\u017cszym;<\/li>\n<li>WAI-ARIA w celu dostosowania strony dla os\u00f3b niepe\u0142nosprawnych;<\/li>\n<\/ul>\n<h2><i class=\"fa fa-mobile fa-fw\"><\/i>Wersja mobilna<\/h2>\n<p>Strona jest dostosowana do ekran\u00f3w urz\u0105dze\u0144 przeno\u015bnych, czyli tablet\u00f3w i telefon\u00f3w.<\/p>\n<h2><i class=\"fa fa-eye-slash fa-fw\"><\/i>Wersja kontrastowa<\/h2>\n<p>Domy\u015blna wersja strony jest jednocze\u015bnie wersj\u0105 kontrastow\u0105 wg zalece\u0144 WCAG 2.0 na najwy\u017cszym poziomie AAA dla kontrastu i\u00a0wielko\u015bci czcionki.<\/p>\n<h2><i class=\"fa fa-desktop fa-fw\"><\/i>Opis budowy BIP<\/h2>\n<p>Strona Biuletynu Informacji Publicznej sk\u0142ada si\u0119 z nast\u0119puj\u0105cych element\u00f3w:<\/p>\n<ul>\n<li>Menu horyzontalnego, umieszczonego w nag\u0142\u00f3wku strony umo\u017cliwiaj\u0105cego wyszukiwanie dokument\u00f3w,<\/li>\n<li>Paska nawigacyjnego zawieraj\u0105cego aktualn\u0105 \u015bcie\u017ck\u0119, w kt\u00f3rej si\u0119 znajdujesz;<\/li>\n<li>Menu lewego umieszczonego po lewej stronie zawieraj\u0105cego struktur\u0119 opublikowanych dokument\u00f3w;<\/li>\n<li>Pola tre\u015bci, znajduj\u0105cego si\u0119 w centralnej cz\u0119\u015bci strony, w polu znajduje si\u0119 tre\u015b\u0107 dokumentu, jego metryka i\u00a0przyciski umo\u017cliwiaj\u0105ce wydruk dokumentu, wygenerowanie pliku PDF i\u00a0opcja polecenia znajomemu. Pod tre\u015bci\u0105 znajduje si\u0119 Rejestr zmian.<\/li>\n<li>Stopki, umieszczonej na samym dole strony, umo\u017cliwiaj\u0105cej podejrzenie statystyk Biuletynu, Instrukcj\u0119, map\u0119 witryny;<\/li>\n<\/ul>\n<p>&nbsp;<\/p>\n","protected":false},"excerpt":{"rendered":"<p>\u00a0Informacje og\u00f3lne Strona BIP tworzona jest zgodnie z nast\u0119puj\u0105cymi aktami prawnymi: Ustawa z dnia 6 wrze\u015bnia 2001 r. o dost\u0119pie do informacji publicznej (Dz. U. Nr 112, poz. 1198, z p\u00f3\u017an.zm.), Rozporz\u0105dzenie Ministra Spraw Wewn\u0119trznych i Administracji z dnia 18 stycznia 2007 r. w sprawie Biuletynu Informacji Publicznej(Dz.U. 2007 nr 10 poz. 68). Biuletynu Informacji [&hellip;]<\/p>\n","protected":false},"author":14,"featured_media":0,"parent":0,"menu_order":0,"comment_status":"open","ping_status":"open","template":"","meta":{"footnotes":""},"class_list":["post-54","page","type-page","status-publish","hentry"],"yoast_head":"<!-- This site is optimized with the Yoast SEO plugin v27.4 - https:\/\/yoast.com\/product\/yoast-seo-wordpress\/ -->\n<title>Instrukcja - BIP - Zak\u0142ad Komunalny w Kleszczewie Sp. z o.o.<\/title>\n<meta name=\"robots\" content=\"index, follow, max-snippet:-1, max-image-preview:large, max-video-preview:-1\" \/>\n<link rel=\"canonical\" href=\"http:\/\/zk.kleszczewo.pl\/bip\/instrukcja\/\" \/>\n<meta property=\"og:locale\" content=\"pl_PL\" \/>\n<meta property=\"og:type\" content=\"article\" \/>\n<meta property=\"og:title\" content=\"Instrukcja - BIP - Zak\u0142ad Komunalny w Kleszczewie Sp. z o.o.\" \/>\n<meta property=\"og:description\" content=\"\u00a0Informacje og\u00f3lne Strona BIP tworzona jest zgodnie z nast\u0119puj\u0105cymi aktami prawnymi: Ustawa z dnia 6 wrze\u015bnia 2001 r. o dost\u0119pie do informacji publicznej (Dz. U. Nr 112, poz. 1198, z p\u00f3\u017an.zm.), Rozporz\u0105dzenie Ministra Spraw Wewn\u0119trznych i Administracji z dnia 18 stycznia 2007 r. w sprawie Biuletynu Informacji Publicznej(Dz.U. 2007 nr 10 poz. 68). Biuletynu Informacji [&hellip;]\" \/>\n<meta property=\"og:url\" content=\"http:\/\/zk.kleszczewo.pl\/bip\/instrukcja\/\" \/>\n<meta property=\"og:site_name\" content=\"BIP - Zak\u0142ad Komunalny w Kleszczewie Sp. z o.o.\" \/>\n<meta property=\"article:modified_time\" content=\"2017-07-17T09:40:59+00:00\" \/>\n<meta name=\"twitter:label1\" content=\"Szacowany czas czytania\" \/>\n\t<meta name=\"twitter:data1\" content=\"1 minuta\" \/>\n<script type=\"application\/ld+json\" class=\"yoast-schema-graph\">{\"@context\":\"https:\\\/\\\/schema.org\",\"@graph\":[{\"@type\":\"WebPage\",\"@id\":\"http:\\\/\\\/zk.kleszczewo.pl\\\/bip\\\/instrukcja\\\/\",\"url\":\"http:\\\/\\\/zk.kleszczewo.pl\\\/bip\\\/instrukcja\\\/\",\"name\":\"Instrukcja - BIP - Zak\u0142ad Komunalny w Kleszczewie Sp. z o.o.\",\"isPartOf\":{\"@id\":\"https:\\\/\\\/zk.kleszczewo.pl\\\/bip\\\/#website\"},\"datePublished\":\"2017-07-17T08:40:59+00:00\",\"dateModified\":\"2017-07-17T09:40:59+00:00\",\"breadcrumb\":{\"@id\":\"http:\\\/\\\/zk.kleszczewo.pl\\\/bip\\\/instrukcja\\\/#breadcrumb\"},\"inLanguage\":\"pl-PL\",\"potentialAction\":[{\"@type\":\"ReadAction\",\"target\":[\"http:\\\/\\\/zk.kleszczewo.pl\\\/bip\\\/instrukcja\\\/\"]}]},{\"@type\":\"BreadcrumbList\",\"@id\":\"http:\\\/\\\/zk.kleszczewo.pl\\\/bip\\\/instrukcja\\\/#breadcrumb\",\"itemListElement\":[{\"@type\":\"ListItem\",\"position\":1,\"name\":\"Strona g\u0142\u00f3wna\",\"item\":\"https:\\\/\\\/zk.kleszczewo.pl\\\/bip\\\/\"},{\"@type\":\"ListItem\",\"position\":2,\"name\":\"Instrukcja\"}]},{\"@type\":\"WebSite\",\"@id\":\"https:\\\/\\\/zk.kleszczewo.pl\\\/bip\\\/#website\",\"url\":\"https:\\\/\\\/zk.kleszczewo.pl\\\/bip\\\/\",\"name\":\"BIP - Zak\u0142ad Komunalny w Kleszczewie Sp. z o.o.\",\"description\":\"\",\"potentialAction\":[{\"@type\":\"SearchAction\",\"target\":{\"@type\":\"EntryPoint\",\"urlTemplate\":\"https:\\\/\\\/zk.kleszczewo.pl\\\/bip\\\/?s={search_term_string}\"},\"query-input\":{\"@type\":\"PropertyValueSpecification\",\"valueRequired\":true,\"valueName\":\"search_term_string\"}}],\"inLanguage\":\"pl-PL\"}]}<\/script>\n<!-- \/ Yoast SEO plugin. -->","yoast_head_json":{"title":"Instrukcja - BIP - Zak\u0142ad Komunalny w Kleszczewie Sp. z o.o.","robots":{"index":"index","follow":"follow","max-snippet":"max-snippet:-1","max-image-preview":"max-image-preview:large","max-video-preview":"max-video-preview:-1"},"canonical":"http:\/\/zk.kleszczewo.pl\/bip\/instrukcja\/","og_locale":"pl_PL","og_type":"article","og_title":"Instrukcja - BIP - Zak\u0142ad Komunalny w Kleszczewie Sp. z o.o.","og_description":"\u00a0Informacje og\u00f3lne Strona BIP tworzona jest zgodnie z nast\u0119puj\u0105cymi aktami prawnymi: Ustawa z dnia 6 wrze\u015bnia 2001 r. o dost\u0119pie do informacji publicznej (Dz. U. Nr 112, poz. 1198, z p\u00f3\u017an.zm.), Rozporz\u0105dzenie Ministra Spraw Wewn\u0119trznych i Administracji z dnia 18 stycznia 2007 r. w sprawie Biuletynu Informacji Publicznej(Dz.U. 2007 nr 10 poz. 68). Biuletynu Informacji [&hellip;]","og_url":"http:\/\/zk.kleszczewo.pl\/bip\/instrukcja\/","og_site_name":"BIP - Zak\u0142ad Komunalny w Kleszczewie Sp. z o.o.","article_modified_time":"2017-07-17T09:40:59+00:00","twitter_misc":{"Szacowany czas czytania":"1 minuta"},"schema":{"@context":"https:\/\/schema.org","@graph":[{"@type":"WebPage","@id":"http:\/\/zk.kleszczewo.pl\/bip\/instrukcja\/","url":"http:\/\/zk.kleszczewo.pl\/bip\/instrukcja\/","name":"Instrukcja - BIP - Zak\u0142ad Komunalny w Kleszczewie Sp. z o.o.","isPartOf":{"@id":"https:\/\/zk.kleszczewo.pl\/bip\/#website"},"datePublished":"2017-07-17T08:40:59+00:00","dateModified":"2017-07-17T09:40:59+00:00","breadcrumb":{"@id":"http:\/\/zk.kleszczewo.pl\/bip\/instrukcja\/#breadcrumb"},"inLanguage":"pl-PL","potentialAction":[{"@type":"ReadAction","target":["http:\/\/zk.kleszczewo.pl\/bip\/instrukcja\/"]}]},{"@type":"BreadcrumbList","@id":"http:\/\/zk.kleszczewo.pl\/bip\/instrukcja\/#breadcrumb","itemListElement":[{"@type":"ListItem","position":1,"name":"Strona g\u0142\u00f3wna","item":"https:\/\/zk.kleszczewo.pl\/bip\/"},{"@type":"ListItem","position":2,"name":"Instrukcja"}]},{"@type":"WebSite","@id":"https:\/\/zk.kleszczewo.pl\/bip\/#website","url":"https:\/\/zk.kleszczewo.pl\/bip\/","name":"BIP - Zak\u0142ad Komunalny w Kleszczewie Sp. z o.o.","description":"","potentialAction":[{"@type":"SearchAction","target":{"@type":"EntryPoint","urlTemplate":"https:\/\/zk.kleszczewo.pl\/bip\/?s={search_term_string}"},"query-input":{"@type":"PropertyValueSpecification","valueRequired":true,"valueName":"search_term_string"}}],"inLanguage":"pl-PL"}]}},"_links":{"self":[{"href":"https:\/\/zk.kleszczewo.pl\/bip\/wp-json\/wp\/v2\/pages\/54","targetHints":{"allow":["GET"]}}],"collection":[{"href":"https:\/\/zk.kleszczewo.pl\/bip\/wp-json\/wp\/v2\/pages"}],"about":[{"href":"https:\/\/zk.kleszczewo.pl\/bip\/wp-json\/wp\/v2\/types\/page"}],"author":[{"embeddable":true,"href":"https:\/\/zk.kleszczewo.pl\/bip\/wp-json\/wp\/v2\/users\/14"}],"replies":[{"embeddable":true,"href":"https:\/\/zk.kleszczewo.pl\/bip\/wp-json\/wp\/v2\/comments?post=54"}],"version-history":[{"count":0,"href":"https:\/\/zk.kleszczewo.pl\/bip\/wp-json\/wp\/v2\/pages\/54\/revisions"}],"wp:attachment":[{"href":"https:\/\/zk.kleszczewo.pl\/bip\/wp-json\/wp\/v2\/media?parent=54"}],"curies":[{"name":"wp","href":"https:\/\/api.w.org\/{rel}","templated":true}]}}