{"id":5,"date":"2017-07-17T08:40:59","date_gmt":"2017-07-17T08:40:59","guid":{"rendered":"http:\/\/zk.kleszczewo.pl\/bip\/?page_id=5"},"modified":"2024-07-16T09:21:30","modified_gmt":"2024-07-16T07:21:30","slug":"strona-glowna","status":"publish","type":"page","link":"https:\/\/zk.kleszczewo.pl\/bip\/","title":{"rendered":"Zak\u0142ad Komunalny w Kleszczewie Sp. z o.o."},"content":{"rendered":"<p><strong>Zak\u0142ad Komunalny w Kleszczewie Sp. z o.o.<\/strong><br \/>\n<span style=\"font-size: 1.6rem;\">ul. Sportowa 3<br \/>\n<\/span>63-005 Kleszczewo<\/p>\n<p>NIP: 777-328-84-84<br \/>\nREGON: 367672324<br \/>\nKRS: 0000693779<\/p>\n<p>e-mail: <strong><a href=\"zk@zk.kleszczewo.pl\">zk@zk.kleszczewo.pl<\/a><\/strong><br \/>\n<strong>tel. 61 817 60 62<\/strong><\/p>\n<p><strong>tel. 61 227 29 30<\/strong><\/p>\n<p>Nr rachunku bankowego: 52 9076 0008 2001 0015 8424 0001<\/p>\n<p><strong>Czynne:<\/strong><\/p>\n<p>Poniedzia\u0142ek 8:00 \u2013 16:00<br \/>\nWtorek 7:00 \u2013 15:00<br \/>\n\u015aroda 7:00 \u2013 15:00<br \/>\nCzwartek 7:00 \u2013 15:00<br \/>\nPi\u0105tek 7:00 \u2013 15:00<\/p>\n","protected":false},"excerpt":{"rendered":"<p>Zak\u0142ad Komunalny w Kleszczewie Sp. z o.o. ul. Sportowa 3 63-005 Kleszczewo NIP: 777-328-84-84 REGON: 367672324 KRS: 0000693779 e-mail: zk@zk.kleszczewo.pl tel. 61 817 60 62 tel. 61 227 29 30 Nr rachunku bankowego: 52 9076 0008 2001 0015 8424 0001 Czynne: Poniedzia\u0142ek 8:00 \u2013 16:00 Wtorek 7:00 \u2013 15:00 \u015aroda 7:00 \u2013 15:00 Czwartek 7:00 [&hellip;]<\/p>\n","protected":false},"author":14,"featured_media":0,"parent":0,"menu_order":0,"comment_status":"open","ping_status":"open","template":"template-homepage.php","meta":{"footnotes":""},"class_list":["post-5","page","type-page","status-publish","hentry"],"yoast_head":"<!-- This site is optimized with the Yoast SEO plugin v27.4 - https:\/\/yoast.com\/product\/yoast-seo-wordpress\/ -->\n<title>Zak\u0142ad Komunalny w Kleszczewie Sp. z o.o. - BIP - Zak\u0142ad Komunalny w Kleszczewie Sp. z o.o.<\/title>\n<meta name=\"robots\" content=\"index, follow, max-snippet:-1, max-image-preview:large, max-video-preview:-1\" \/>\n<link rel=\"canonical\" href=\"https:\/\/zk.kleszczewo.pl\/bip\/\" \/>\n<meta property=\"og:locale\" content=\"pl_PL\" \/>\n<meta property=\"og:type\" content=\"article\" \/>\n<meta property=\"og:title\" content=\"Zak\u0142ad Komunalny w Kleszczewie Sp. z o.o. - BIP - Zak\u0142ad Komunalny w Kleszczewie Sp. z o.o.\" \/>\n<meta property=\"og:description\" content=\"Zak\u0142ad Komunalny w Kleszczewie Sp. z o.o. ul. Sportowa 3 63-005 Kleszczewo NIP: 777-328-84-84 REGON: 367672324 KRS: 0000693779 e-mail: zk@zk.kleszczewo.pl tel. 61 817 60 62 tel. 61 227 29 30 Nr rachunku bankowego: 52 9076 0008 2001 0015 8424 0001 Czynne: Poniedzia\u0142ek 8:00 \u2013 16:00 Wtorek 7:00 \u2013 15:00 \u015aroda 7:00 \u2013 15:00 Czwartek 7:00 [&hellip;]\" \/>\n<meta property=\"og:url\" content=\"https:\/\/zk.kleszczewo.pl\/bip\/\" \/>\n<meta property=\"og:site_name\" content=\"BIP - Zak\u0142ad Komunalny w Kleszczewie Sp. z o.o.\" \/>\n<meta property=\"article:modified_time\" content=\"2024-07-16T07:21:30+00:00\" \/>\n<meta name=\"twitter:label1\" content=\"Szacowany czas czytania\" \/>\n\t<meta name=\"twitter:data1\" content=\"1 minuta\" \/>\n<script type=\"application\/ld+json\" class=\"yoast-schema-graph\">{\"@context\":\"https:\\\/\\\/schema.org\",\"@graph\":[{\"@type\":\"WebPage\",\"@id\":\"https:\\\/\\\/zk.kleszczewo.pl\\\/bip\\\/\",\"url\":\"https:\\\/\\\/zk.kleszczewo.pl\\\/bip\\\/\",\"name\":\"Zak\u0142ad Komunalny w Kleszczewie Sp. z o.o. - BIP - Zak\u0142ad Komunalny w Kleszczewie Sp. z o.o.\",\"isPartOf\":{\"@id\":\"https:\\\/\\\/zk.kleszczewo.pl\\\/bip\\\/#website\"},\"datePublished\":\"2017-07-17T08:40:59+00:00\",\"dateModified\":\"2024-07-16T07:21:30+00:00\",\"breadcrumb\":{\"@id\":\"https:\\\/\\\/zk.kleszczewo.pl\\\/bip\\\/#breadcrumb\"},\"inLanguage\":\"pl-PL\",\"potentialAction\":[{\"@type\":\"ReadAction\",\"target\":[\"https:\\\/\\\/zk.kleszczewo.pl\\\/bip\\\/\"]}]},{\"@type\":\"BreadcrumbList\",\"@id\":\"https:\\\/\\\/zk.kleszczewo.pl\\\/bip\\\/#breadcrumb\",\"itemListElement\":[{\"@type\":\"ListItem\",\"position\":1,\"name\":\"Strona g\u0142\u00f3wna\",\"item\":\"https:\\\/\\\/zk.kleszczewo.pl\\\/bip\\\/\"},{\"@type\":\"ListItem\",\"position\":2,\"name\":\"Zak\u0142ad Komunalny w Kleszczewie Sp. z o.o.\"}]},{\"@type\":\"WebSite\",\"@id\":\"https:\\\/\\\/zk.kleszczewo.pl\\\/bip\\\/#website\",\"url\":\"https:\\\/\\\/zk.kleszczewo.pl\\\/bip\\\/\",\"name\":\"BIP - Zak\u0142ad Komunalny w Kleszczewie Sp. z o.o.\",\"description\":\"\",\"potentialAction\":[{\"@type\":\"SearchAction\",\"target\":{\"@type\":\"EntryPoint\",\"urlTemplate\":\"https:\\\/\\\/zk.kleszczewo.pl\\\/bip\\\/?s={search_term_string}\"},\"query-input\":{\"@type\":\"PropertyValueSpecification\",\"valueRequired\":true,\"valueName\":\"search_term_string\"}}],\"inLanguage\":\"pl-PL\"}]}<\/script>\n<!-- \/ Yoast SEO plugin. -->","yoast_head_json":{"title":"Zak\u0142ad Komunalny w Kleszczewie Sp. z o.o. - BIP - Zak\u0142ad Komunalny w Kleszczewie Sp. z o.o.","robots":{"index":"index","follow":"follow","max-snippet":"max-snippet:-1","max-image-preview":"max-image-preview:large","max-video-preview":"max-video-preview:-1"},"canonical":"https:\/\/zk.kleszczewo.pl\/bip\/","og_locale":"pl_PL","og_type":"article","og_title":"Zak\u0142ad Komunalny w Kleszczewie Sp. z o.o. - BIP - Zak\u0142ad Komunalny w Kleszczewie Sp. z o.o.","og_description":"Zak\u0142ad Komunalny w Kleszczewie Sp. z o.o. ul. Sportowa 3 63-005 Kleszczewo NIP: 777-328-84-84 REGON: 367672324 KRS: 0000693779 e-mail: zk@zk.kleszczewo.pl tel. 61 817 60 62 tel. 61 227 29 30 Nr rachunku bankowego: 52 9076 0008 2001 0015 8424 0001 Czynne: Poniedzia\u0142ek 8:00 \u2013 16:00 Wtorek 7:00 \u2013 15:00 \u015aroda 7:00 \u2013 15:00 Czwartek 7:00 [&hellip;]","og_url":"https:\/\/zk.kleszczewo.pl\/bip\/","og_site_name":"BIP - Zak\u0142ad Komunalny w Kleszczewie Sp. z o.o.","article_modified_time":"2024-07-16T07:21:30+00:00","twitter_misc":{"Szacowany czas czytania":"1 minuta"},"schema":{"@context":"https:\/\/schema.org","@graph":[{"@type":"WebPage","@id":"https:\/\/zk.kleszczewo.pl\/bip\/","url":"https:\/\/zk.kleszczewo.pl\/bip\/","name":"Zak\u0142ad Komunalny w Kleszczewie Sp. z o.o. - BIP - Zak\u0142ad Komunalny w Kleszczewie Sp. z o.o.","isPartOf":{"@id":"https:\/\/zk.kleszczewo.pl\/bip\/#website"},"datePublished":"2017-07-17T08:40:59+00:00","dateModified":"2024-07-16T07:21:30+00:00","breadcrumb":{"@id":"https:\/\/zk.kleszczewo.pl\/bip\/#breadcrumb"},"inLanguage":"pl-PL","potentialAction":[{"@type":"ReadAction","target":["https:\/\/zk.kleszczewo.pl\/bip\/"]}]},{"@type":"BreadcrumbList","@id":"https:\/\/zk.kleszczewo.pl\/bip\/#breadcrumb","itemListElement":[{"@type":"ListItem","position":1,"name":"Strona g\u0142\u00f3wna","item":"https:\/\/zk.kleszczewo.pl\/bip\/"},{"@type":"ListItem","position":2,"name":"Zak\u0142ad Komunalny w Kleszczewie Sp. z o.o."}]},{"@type":"WebSite","@id":"https:\/\/zk.kleszczewo.pl\/bip\/#website","url":"https:\/\/zk.kleszczewo.pl\/bip\/","name":"BIP - Zak\u0142ad Komunalny w Kleszczewie Sp. z o.o.","description":"","potentialAction":[{"@type":"SearchAction","target":{"@type":"EntryPoint","urlTemplate":"https:\/\/zk.kleszczewo.pl\/bip\/?s={search_term_string}"},"query-input":{"@type":"PropertyValueSpecification","valueRequired":true,"valueName":"search_term_string"}}],"inLanguage":"pl-PL"}]}},"_links":{"self":[{"href":"https:\/\/zk.kleszczewo.pl\/bip\/wp-json\/wp\/v2\/pages\/5","targetHints":{"allow":["GET"]}}],"collection":[{"href":"https:\/\/zk.kleszczewo.pl\/bip\/wp-json\/wp\/v2\/pages"}],"about":[{"href":"https:\/\/zk.kleszczewo.pl\/bip\/wp-json\/wp\/v2\/types\/page"}],"author":[{"embeddable":true,"href":"https:\/\/zk.kleszczewo.pl\/bip\/wp-json\/wp\/v2\/users\/14"}],"replies":[{"embeddable":true,"href":"https:\/\/zk.kleszczewo.pl\/bip\/wp-json\/wp\/v2\/comments?post=5"}],"version-history":[{"count":10,"href":"https:\/\/zk.kleszczewo.pl\/bip\/wp-json\/wp\/v2\/pages\/5\/revisions"}],"predecessor-version":[{"id":4970,"href":"https:\/\/zk.kleszczewo.pl\/bip\/wp-json\/wp\/v2\/pages\/5\/revisions\/4970"}],"wp:attachment":[{"href":"https:\/\/zk.kleszczewo.pl\/bip\/wp-json\/wp\/v2\/media?parent=5"}],"curies":[{"name":"wp","href":"https:\/\/api.w.org\/{rel}","templated":true}]}}