{"id":443,"date":"2017-07-17T08:40:59","date_gmt":"2017-07-17T08:40:59","guid":{"rendered":"http:\/\/zk.kleszczewo.pl\/bip\/?page_id=443"},"modified":"2017-07-17T09:40:59","modified_gmt":"2017-07-17T09:40:59","slug":"statystyki-bip","status":"publish","type":"page","link":"https:\/\/zk.kleszczewo.pl\/bip\/statystyki-bip\/","title":{"rendered":"Statystyki BIP"},"content":{"rendered":"\t\t\t\t\t\n\t\t<p class=\"visits-row\">\t\t\t\n\t\t\t<a href=\"https:\/\/zk.kleszczewo.pl\/bip\/zamowienie_publiczne\/\">Zam\u00f3wienia publiczne<\/a> - 162555<br>\n\t\t\t<span class=\"progress\" style=\"width: 100%;\"><\/span>\n\t\t<\/p>\n\n\t\t\t\t\t\n\t\t<p class=\"visits-row\">\t\t\t\n\t\t\t<a href=\"https:\/\/zk.kleszczewo.pl\/bip\/konkurs\/\">Konkursy<\/a> - 60446<br>\n\t\t\t<span class=\"progress\" style=\"width: 37.184952785211%;\"><\/span>\n\t\t<\/p>\n\n\t\t\t\t\t\n\t\t<p class=\"visits-row\">\t\t\t\n\t\t\t<a href=\"https:\/\/zk.kleszczewo.pl\/bip\/rejestr-zmian\/\">Rejestr zmian<\/a> - 22834<br>\n\t\t\t<span class=\"progress\" style=\"width: 14.04693795946%;\"><\/span>\n\t\t<\/p>\n\n\t\t\t\t\t\n\t\t<p class=\"visits-row\">\t\t\t\n\t\t\t<a href=\"https:\/\/zk.kleszczewo.pl\/bip\/\">Zak\u0142ad Komunalny w Kleszczewie Sp. z o.o.<\/a> - 19646<br>\n\t\t\t<span class=\"progress\" style=\"width: 12.085755590416%;\"><\/span>\n\t\t<\/p>\n\n\t\t\t\t\t\n\t\t<p class=\"visits-row\">\t\t\t\n\t\t\t<a href=\"https:\/\/zk.kleszczewo.pl\/bip\/oferta-pracy\/\">Oferty pracy<\/a> - 7945<br>\n\t\t\t<span class=\"progress\" style=\"width: 4.887576512565%;\"><\/span>\n\t\t<\/p>\n\n\t\t\t\t\t\n\t\t<p class=\"visits-row\">\t\t\t\n\t\t\t<a href=\"https:\/\/zk.kleszczewo.pl\/bip\/kontakt\/\">Kontakt<\/a> - 5070<br>\n\t\t\t<span class=\"progress\" style=\"width: 3.1189443572945%;\"><\/span>\n\t\t<\/p>\n\n\t\t\t\t\t\n\t\t<p class=\"visits-row\">\t\t\t\n\t\t\t<a href=\"https:\/\/zk.kleszczewo.pl\/bip\/spolka\/\">Sp\u00f3\u0142ka<\/a> - 3750<br>\n\t\t\t<span class=\"progress\" style=\"width: 2.3069115068746%;\"><\/span>\n\t\t<\/p>\n\n\t\t\t\t\t\n\t\t<p class=\"visits-row\">\t\t\t\n\t\t\t<a href=\"https:\/\/zk.kleszczewo.pl\/bip\/do-pobrania\/\">Do pobrania<\/a> - 3636<br>\n\t\t\t<span class=\"progress\" style=\"width: 2.2367813970656%;\"><\/span>\n\t\t<\/p>\n\n\t\t\t\t\t\n\t\t<p class=\"visits-row\">\t\t\t\n\t\t\t<a href=\"https:\/\/zk.kleszczewo.pl\/bip\/zamowienie_publiczne\/rozbudowa-i-modernizacja-oczyszczalni-sciekow-w-nagradowicach-wraz-z-rozbudowa-sieci-kanalizacji-sanitarnej-i-sieci-wodociagowej-w-zakresie-dotyczacym-rozbudowy-i-modernizacji-oczyszczalni-sciekow\/\">&#8222;Rozbudowa i modernizacja oczyszczalni \u015bciek\u00f3w w Nagradowicach wraz z rozbudow\u0105 sieci kanalizacji sanitarnej i sieci wodoci\u0105gowej&#8221; w zakresie dotycz\u0105cym rozbudowy i modernizacji oczyszczalni \u015bciek\u00f3w w Nagradowicach<\/a> - 3323<br>\n\t\t\t<span class=\"progress\" style=\"width: 2.0442311832918%;\"><\/span>\n\t\t<\/p>\n\n\t\t\t\t\t\n\t\t<p class=\"visits-row\">\t\t\t\n\t\t\t<a href=\"https:\/\/zk.kleszczewo.pl\/bip\/majatek\/\">Maj\u0105tek<\/a> - 2956<br>\n\t\t\t<span class=\"progress\" style=\"width: 1.818461443819%;\"><\/span>\n\t\t<\/p>\n\n\t\n","protected":false},"excerpt":{"rendered":"","protected":false},"author":14,"featured_media":0,"parent":0,"menu_order":0,"comment_status":"closed","ping_status":"closed","template":"","meta":{"footnotes":""},"class_list":["post-443","page","type-page","status-publish","hentry"],"yoast_head":"<!-- This site is optimized with the Yoast SEO plugin v27.4 - https:\/\/yoast.com\/product\/yoast-seo-wordpress\/ -->\n<title>Statystyki BIP - BIP - Zak\u0142ad Komunalny w Kleszczewie Sp. z o.o.<\/title>\n<meta name=\"robots\" content=\"index, follow, max-snippet:-1, max-image-preview:large, max-video-preview:-1\" \/>\n<link rel=\"canonical\" href=\"https:\/\/zk.kleszczewo.pl\/bip\/statystyki-bip\/\" \/>\n<meta property=\"og:locale\" content=\"pl_PL\" \/>\n<meta property=\"og:type\" content=\"article\" \/>\n<meta property=\"og:title\" content=\"Statystyki BIP - BIP - Zak\u0142ad Komunalny w Kleszczewie Sp. z o.o.\" \/>\n<meta property=\"og:url\" content=\"https:\/\/zk.kleszczewo.pl\/bip\/statystyki-bip\/\" \/>\n<meta property=\"og:site_name\" content=\"BIP - Zak\u0142ad Komunalny w Kleszczewie Sp. z o.o.\" \/>\n<meta property=\"article:modified_time\" content=\"2017-07-17T09:40:59+00:00\" \/>\n<script type=\"application\/ld+json\" class=\"yoast-schema-graph\">{\"@context\":\"https:\\\/\\\/schema.org\",\"@graph\":[{\"@type\":\"WebPage\",\"@id\":\"https:\\\/\\\/zk.kleszczewo.pl\\\/bip\\\/statystyki-bip\\\/\",\"url\":\"https:\\\/\\\/zk.kleszczewo.pl\\\/bip\\\/statystyki-bip\\\/\",\"name\":\"Statystyki BIP - BIP - Zak\u0142ad Komunalny w Kleszczewie Sp. z o.o.\",\"isPartOf\":{\"@id\":\"https:\\\/\\\/zk.kleszczewo.pl\\\/bip\\\/#website\"},\"datePublished\":\"2017-07-17T08:40:59+00:00\",\"dateModified\":\"2017-07-17T09:40:59+00:00\",\"breadcrumb\":{\"@id\":\"https:\\\/\\\/zk.kleszczewo.pl\\\/bip\\\/statystyki-bip\\\/#breadcrumb\"},\"inLanguage\":\"pl-PL\",\"potentialAction\":[{\"@type\":\"ReadAction\",\"target\":[\"https:\\\/\\\/zk.kleszczewo.pl\\\/bip\\\/statystyki-bip\\\/\"]}]},{\"@type\":\"BreadcrumbList\",\"@id\":\"https:\\\/\\\/zk.kleszczewo.pl\\\/bip\\\/statystyki-bip\\\/#breadcrumb\",\"itemListElement\":[{\"@type\":\"ListItem\",\"position\":1,\"name\":\"Strona g\u0142\u00f3wna\",\"item\":\"https:\\\/\\\/zk.kleszczewo.pl\\\/bip\\\/\"},{\"@type\":\"ListItem\",\"position\":2,\"name\":\"Statystyki BIP\"}]},{\"@type\":\"WebSite\",\"@id\":\"https:\\\/\\\/zk.kleszczewo.pl\\\/bip\\\/#website\",\"url\":\"https:\\\/\\\/zk.kleszczewo.pl\\\/bip\\\/\",\"name\":\"BIP - Zak\u0142ad Komunalny w Kleszczewie Sp. z o.o.\",\"description\":\"\",\"potentialAction\":[{\"@type\":\"SearchAction\",\"target\":{\"@type\":\"EntryPoint\",\"urlTemplate\":\"https:\\\/\\\/zk.kleszczewo.pl\\\/bip\\\/?s={search_term_string}\"},\"query-input\":{\"@type\":\"PropertyValueSpecification\",\"valueRequired\":true,\"valueName\":\"search_term_string\"}}],\"inLanguage\":\"pl-PL\"}]}<\/script>\n<!-- \/ Yoast SEO plugin. -->","yoast_head_json":{"title":"Statystyki BIP - BIP - Zak\u0142ad Komunalny w Kleszczewie Sp. z o.o.","robots":{"index":"index","follow":"follow","max-snippet":"max-snippet:-1","max-image-preview":"max-image-preview:large","max-video-preview":"max-video-preview:-1"},"canonical":"https:\/\/zk.kleszczewo.pl\/bip\/statystyki-bip\/","og_locale":"pl_PL","og_type":"article","og_title":"Statystyki BIP - BIP - Zak\u0142ad Komunalny w Kleszczewie Sp. z o.o.","og_url":"https:\/\/zk.kleszczewo.pl\/bip\/statystyki-bip\/","og_site_name":"BIP - Zak\u0142ad Komunalny w Kleszczewie Sp. z o.o.","article_modified_time":"2017-07-17T09:40:59+00:00","schema":{"@context":"https:\/\/schema.org","@graph":[{"@type":"WebPage","@id":"https:\/\/zk.kleszczewo.pl\/bip\/statystyki-bip\/","url":"https:\/\/zk.kleszczewo.pl\/bip\/statystyki-bip\/","name":"Statystyki BIP - BIP - Zak\u0142ad Komunalny w Kleszczewie Sp. z o.o.","isPartOf":{"@id":"https:\/\/zk.kleszczewo.pl\/bip\/#website"},"datePublished":"2017-07-17T08:40:59+00:00","dateModified":"2017-07-17T09:40:59+00:00","breadcrumb":{"@id":"https:\/\/zk.kleszczewo.pl\/bip\/statystyki-bip\/#breadcrumb"},"inLanguage":"pl-PL","potentialAction":[{"@type":"ReadAction","target":["https:\/\/zk.kleszczewo.pl\/bip\/statystyki-bip\/"]}]},{"@type":"BreadcrumbList","@id":"https:\/\/zk.kleszczewo.pl\/bip\/statystyki-bip\/#breadcrumb","itemListElement":[{"@type":"ListItem","position":1,"name":"Strona g\u0142\u00f3wna","item":"https:\/\/zk.kleszczewo.pl\/bip\/"},{"@type":"ListItem","position":2,"name":"Statystyki BIP"}]},{"@type":"WebSite","@id":"https:\/\/zk.kleszczewo.pl\/bip\/#website","url":"https:\/\/zk.kleszczewo.pl\/bip\/","name":"BIP - Zak\u0142ad Komunalny w Kleszczewie Sp. z o.o.","description":"","potentialAction":[{"@type":"SearchAction","target":{"@type":"EntryPoint","urlTemplate":"https:\/\/zk.kleszczewo.pl\/bip\/?s={search_term_string}"},"query-input":{"@type":"PropertyValueSpecification","valueRequired":true,"valueName":"search_term_string"}}],"inLanguage":"pl-PL"}]}},"_links":{"self":[{"href":"https:\/\/zk.kleszczewo.pl\/bip\/wp-json\/wp\/v2\/pages\/443","targetHints":{"allow":["GET"]}}],"collection":[{"href":"https:\/\/zk.kleszczewo.pl\/bip\/wp-json\/wp\/v2\/pages"}],"about":[{"href":"https:\/\/zk.kleszczewo.pl\/bip\/wp-json\/wp\/v2\/types\/page"}],"author":[{"embeddable":true,"href":"https:\/\/zk.kleszczewo.pl\/bip\/wp-json\/wp\/v2\/users\/14"}],"replies":[{"embeddable":true,"href":"https:\/\/zk.kleszczewo.pl\/bip\/wp-json\/wp\/v2\/comments?post=443"}],"version-history":[{"count":0,"href":"https:\/\/zk.kleszczewo.pl\/bip\/wp-json\/wp\/v2\/pages\/443\/revisions"}],"wp:attachment":[{"href":"https:\/\/zk.kleszczewo.pl\/bip\/wp-json\/wp\/v2\/media?parent=443"}],"curies":[{"name":"wp","href":"https:\/\/api.w.org\/{rel}","templated":true}]}}