{"id":407,"date":"2017-07-17T08:40:59","date_gmt":"2017-07-17T08:40:59","guid":{"rendered":"http:\/\/zk.kleszczewo.pl\/bip\/?page_id=407"},"modified":"2025-10-10T13:07:44","modified_gmt":"2025-10-10T11:07:44","slug":"kontakt","status":"publish","type":"page","link":"https:\/\/zk.kleszczewo.pl\/bip\/kontakt\/","title":{"rendered":"Kontakt"},"content":{"rendered":"<p><strong>Zak\u0142ad Komunalny w Kleszczewie Sp. z o.o.<\/strong><br \/>\nul. Sportowa 3<br \/>\n63-005 Kleszczewo<\/p>\n<p>NIP: 777-328-84-84<br \/>\nREGON: 367672324<br \/>\nKRS: 0000693779<\/p>\n<p>Nr rachunku bankowego: 52 9076 0008 2001 0015 8424 0001<\/p>\n<p><strong>stan wodomierza:<\/strong> <a href=\"odczyty@zk.kleszczewo.pl\"><strong>odczyty@zk.kleszczewo.pl<\/strong><\/a><br \/>\n<strong>e-mail:<\/strong> <a href=\"zk@zk.kleszczewo.pl\"><strong>zk@zk.kleszczewo.pl<\/strong><\/a><br \/>\n<strong>tel. 61 817 60 62<br \/>\n<\/strong><\/p>\n<p><strong>tel. 61 227 29 30<\/strong><\/p>\n<table class=\"contact-emails\" style=\"height: 153px; width: 121.19%;\" width=\"1324\">\n<tbody>\n<tr style=\"height: 26px;\">\n<td style=\"width: 52.4253%; height: 26px;\"><strong>Woda i \u015bcieki<\/strong><\/td>\n<td style=\"width: 33.408%; height: 26px;\"><strong>tel. 61 817 60 62\u00a0 w. 165<\/strong><\/td>\n<td style=\"width: 33.3796%; height: 26px;\"><strong><a href=\"odczyty@zk.kleszczewo.pl\">odczyty@zk.kleszczewo.pl<\/a><\/strong><\/td>\n<\/tr>\n<tr>\n<td style=\"width: 52.4253%;\"><strong>Warunki tech. i uzgodnienia dokumentacji wod.-kan.<\/strong><\/td>\n<td style=\"width: 33.408%;\"><strong>tel. 61 817 60 62\u00a0 w. 171<\/strong><\/td>\n<td style=\"width: 33.3796%;\"><strong><a href=\"zk@zk.kleszczewo.pl\">p.siudzinski@zk.kleszczewo.pl<\/a><\/strong><\/td>\n<\/tr>\n<tr style=\"height: 26px;\">\n<td style=\"width: 52.4253%; height: 26px;\"><strong>Komunikacja i transport, PEKA<\/strong><\/td>\n<td style=\"width: 33.408%; height: 26px;\"><strong>tel. 61 817 60 62\u00a0 w. 167<\/strong><\/td>\n<td style=\"width: 33.3796%; height: 26px;\"><strong><a href=\"info@zk.kleszczewo.pl\">info@zk.kleszczewo.pl<\/a><\/strong><\/td>\n<\/tr>\n<tr style=\"height: 26px;\">\n<td style=\"width: 52.4253%; height: 26px;\"><strong>Administracja i kadry &#8211; og\u00f3lny<\/strong><\/td>\n<td style=\"width: 33.408%; height: 26px;\"><strong>tel. 61 817 60 62\u00a0 w. 163<\/strong><\/td>\n<td style=\"width: 33.3796%; height: 26px;\"><strong><a href=\"zk@zk.kleszczewo.pl\">zk@zk.kleszczewo.pl<\/a><\/strong><\/td>\n<\/tr>\n<tr>\n<td style=\"width: 52.4253%;\"><strong>Kierownik dzia\u0142u gospodarki komunalnej<\/strong><\/td>\n<td style=\"width: 33.408%;\"><strong>tel. 61 817 60 62\u00a0 w. 169<\/strong><\/td>\n<td style=\"width: 33.3796%;\"><a href=\"mailto:m.jasinowski@zk.kleszczewo.pl\"><strong>m.jasinowski@zk.kleszczewo.pl<\/strong><\/a><\/td>\n<\/tr>\n<tr style=\"height: 26px;\">\n<td style=\"width: 52.4253%; height: 26px;\"><strong>Kierownik dzia\u0142u transportu<\/strong><\/td>\n<td style=\"width: 33.408%; height: 26px;\"><strong>tel. 61 817 60 62\u00a0 w. 162<\/strong><\/td>\n<td style=\"width: 33.3796%; height: 26px;\"><a href=\"mailto:a.swiatkowska@zk.kleszczewo.pl\"><strong>a.balcerek@zk.kleszczewo.pl<\/strong><\/a><\/td>\n<\/tr>\n<tr style=\"height: 26px;\">\n<td style=\"width: 52.4253%; height: 26px;\"><strong>Ksi\u0119gowo\u015b\u0107<\/strong><\/td>\n<td style=\"width: 33.408%; height: 26px;\"><strong>tel. 61 817 60 62\u00a0 w. 168<\/strong><\/td>\n<td style=\"width: 33.3796%; height: 26px;\"><a href=\"mailto:k.hoffmann@zk.kleszczewo.pl\"><strong>k.hoffmann@zk.kleszczewo.pl<\/strong><\/a><\/td>\n<\/tr>\n<tr style=\"height: 27px;\">\n<td style=\"width: 52.4253%; height: 27px;\"><strong>Prezes Zarz\u0105du<\/strong><\/td>\n<td style=\"width: 33.408%; height: 27px;\"><strong>tel. 61 817 60 62<br \/>\n<\/strong><\/td>\n<td style=\"width: 33.3796%; height: 27px;\"><strong><a href=\"mailto:r.pomin@kleszczewo.pl\">r.pomin@zk.kleszczewo.pl<\/a><\/strong><\/td>\n<\/tr>\n<tr>\n<td style=\"width: 52.4253%;\"><strong>Inspektor Ochrony Danych<\/strong><\/td>\n<td style=\"width: 33.408%;\"><strong>tel. 791 711 174<br \/>\n<\/strong><\/td>\n<td style=\"width: 33.3796%;\"><strong>\u00a0<\/strong><\/td>\n<\/tr>\n<tr>\n<td style=\"width: 52.4253%;\"><span style=\"color: #ff0000;\"><strong>Awarie WOD.-KAN. po godz. 15:00 i dni wolne<\/strong><\/span><\/td>\n<td style=\"width: 33.408%;\"><strong><span style=\"color: #ff0000;\">tel. 602 791 922, tel. 660 399 573<\/span><br \/>\n<\/strong><\/td>\n<td style=\"width: 33.3796%;\"><strong>\u00a0<\/strong><\/td>\n<\/tr>\n<\/tbody>\n<\/table>\n<p><strong>Czynne:<\/strong><\/p>\n<p>Poniedzia\u0142ek 7:00 \u2013 16:00<br \/>\nWtorek 7:00 \u2013 15:00<br \/>\n\u015aroda 7:00 \u2013 15:00<br \/>\nCzwartek 7:00 \u2013 15:00<br \/>\nPi\u0105tek 7:00 \u2013 15:00<\/p>\n","protected":false},"excerpt":{"rendered":"<p>Zak\u0142ad Komunalny w Kleszczewie Sp. z o.o. ul. Sportowa 3 63-005 Kleszczewo NIP: 777-328-84-84 REGON: 367672324 KRS: 0000693779 Nr rachunku bankowego: 52 9076 0008 2001 0015 8424 0001 stan wodomierza: odczyty@zk.kleszczewo.pl e-mail: zk@zk.kleszczewo.pl tel. 61 817 60 62 tel. 61 227 29 30 Woda i \u015bcieki tel. 61 817 60 62\u00a0 w. 165 odczyty@zk.kleszczewo.pl Warunki [&hellip;]<\/p>\n","protected":false},"author":14,"featured_media":0,"parent":0,"menu_order":0,"comment_status":"closed","ping_status":"closed","template":"page-templates\/page-sidebar-left.php","meta":{"footnotes":""},"class_list":["post-407","page","type-page","status-publish","hentry"],"yoast_head":"<!-- This site is optimized with the Yoast SEO plugin v27.4 - https:\/\/yoast.com\/product\/yoast-seo-wordpress\/ -->\n<title>Kontakt - BIP - Zak\u0142ad Komunalny w Kleszczewie Sp. z o.o.<\/title>\n<meta name=\"robots\" content=\"index, follow, max-snippet:-1, max-image-preview:large, max-video-preview:-1\" \/>\n<link rel=\"canonical\" href=\"https:\/\/zk.kleszczewo.pl\/bip\/kontakt\/\" \/>\n<meta property=\"og:locale\" content=\"pl_PL\" \/>\n<meta property=\"og:type\" content=\"article\" \/>\n<meta property=\"og:title\" content=\"Kontakt - BIP - Zak\u0142ad Komunalny w Kleszczewie Sp. z o.o.\" \/>\n<meta property=\"og:description\" content=\"Zak\u0142ad Komunalny w Kleszczewie Sp. z o.o. ul. Sportowa 3 63-005 Kleszczewo NIP: 777-328-84-84 REGON: 367672324 KRS: 0000693779 Nr rachunku bankowego: 52 9076 0008 2001 0015 8424 0001 stan wodomierza: odczyty@zk.kleszczewo.pl e-mail: zk@zk.kleszczewo.pl tel. 61 817 60 62 tel. 61 227 29 30 Woda i \u015bcieki tel. 61 817 60 62\u00a0 w. 165 odczyty@zk.kleszczewo.pl Warunki [&hellip;]\" \/>\n<meta property=\"og:url\" content=\"https:\/\/zk.kleszczewo.pl\/bip\/kontakt\/\" \/>\n<meta property=\"og:site_name\" content=\"BIP - Zak\u0142ad Komunalny w Kleszczewie Sp. z o.o.\" \/>\n<meta property=\"article:modified_time\" content=\"2025-10-10T11:07:44+00:00\" \/>\n<meta name=\"twitter:label1\" content=\"Szacowany czas czytania\" \/>\n\t<meta name=\"twitter:data1\" content=\"2 minuty\" \/>\n<script type=\"application\/ld+json\" class=\"yoast-schema-graph\">{\"@context\":\"https:\\\/\\\/schema.org\",\"@graph\":[{\"@type\":\"WebPage\",\"@id\":\"https:\\\/\\\/zk.kleszczewo.pl\\\/bip\\\/kontakt\\\/\",\"url\":\"https:\\\/\\\/zk.kleszczewo.pl\\\/bip\\\/kontakt\\\/\",\"name\":\"Kontakt - BIP - Zak\u0142ad Komunalny w Kleszczewie Sp. z o.o.\",\"isPartOf\":{\"@id\":\"https:\\\/\\\/zk.kleszczewo.pl\\\/bip\\\/#website\"},\"datePublished\":\"2017-07-17T08:40:59+00:00\",\"dateModified\":\"2025-10-10T11:07:44+00:00\",\"breadcrumb\":{\"@id\":\"https:\\\/\\\/zk.kleszczewo.pl\\\/bip\\\/kontakt\\\/#breadcrumb\"},\"inLanguage\":\"pl-PL\",\"potentialAction\":[{\"@type\":\"ReadAction\",\"target\":[\"https:\\\/\\\/zk.kleszczewo.pl\\\/bip\\\/kontakt\\\/\"]}]},{\"@type\":\"BreadcrumbList\",\"@id\":\"https:\\\/\\\/zk.kleszczewo.pl\\\/bip\\\/kontakt\\\/#breadcrumb\",\"itemListElement\":[{\"@type\":\"ListItem\",\"position\":1,\"name\":\"Strona g\u0142\u00f3wna\",\"item\":\"https:\\\/\\\/zk.kleszczewo.pl\\\/bip\\\/\"},{\"@type\":\"ListItem\",\"position\":2,\"name\":\"Kontakt\"}]},{\"@type\":\"WebSite\",\"@id\":\"https:\\\/\\\/zk.kleszczewo.pl\\\/bip\\\/#website\",\"url\":\"https:\\\/\\\/zk.kleszczewo.pl\\\/bip\\\/\",\"name\":\"BIP - Zak\u0142ad Komunalny w Kleszczewie Sp. z o.o.\",\"description\":\"\",\"potentialAction\":[{\"@type\":\"SearchAction\",\"target\":{\"@type\":\"EntryPoint\",\"urlTemplate\":\"https:\\\/\\\/zk.kleszczewo.pl\\\/bip\\\/?s={search_term_string}\"},\"query-input\":{\"@type\":\"PropertyValueSpecification\",\"valueRequired\":true,\"valueName\":\"search_term_string\"}}],\"inLanguage\":\"pl-PL\"}]}<\/script>\n<!-- \/ Yoast SEO plugin. -->","yoast_head_json":{"title":"Kontakt - BIP - Zak\u0142ad Komunalny w Kleszczewie Sp. z o.o.","robots":{"index":"index","follow":"follow","max-snippet":"max-snippet:-1","max-image-preview":"max-image-preview:large","max-video-preview":"max-video-preview:-1"},"canonical":"https:\/\/zk.kleszczewo.pl\/bip\/kontakt\/","og_locale":"pl_PL","og_type":"article","og_title":"Kontakt - BIP - Zak\u0142ad Komunalny w Kleszczewie Sp. z o.o.","og_description":"Zak\u0142ad Komunalny w Kleszczewie Sp. z o.o. ul. Sportowa 3 63-005 Kleszczewo NIP: 777-328-84-84 REGON: 367672324 KRS: 0000693779 Nr rachunku bankowego: 52 9076 0008 2001 0015 8424 0001 stan wodomierza: odczyty@zk.kleszczewo.pl e-mail: zk@zk.kleszczewo.pl tel. 61 817 60 62 tel. 61 227 29 30 Woda i \u015bcieki tel. 61 817 60 62\u00a0 w. 165 odczyty@zk.kleszczewo.pl Warunki [&hellip;]","og_url":"https:\/\/zk.kleszczewo.pl\/bip\/kontakt\/","og_site_name":"BIP - Zak\u0142ad Komunalny w Kleszczewie Sp. z o.o.","article_modified_time":"2025-10-10T11:07:44+00:00","twitter_misc":{"Szacowany czas czytania":"2 minuty"},"schema":{"@context":"https:\/\/schema.org","@graph":[{"@type":"WebPage","@id":"https:\/\/zk.kleszczewo.pl\/bip\/kontakt\/","url":"https:\/\/zk.kleszczewo.pl\/bip\/kontakt\/","name":"Kontakt - BIP - Zak\u0142ad Komunalny w Kleszczewie Sp. z o.o.","isPartOf":{"@id":"https:\/\/zk.kleszczewo.pl\/bip\/#website"},"datePublished":"2017-07-17T08:40:59+00:00","dateModified":"2025-10-10T11:07:44+00:00","breadcrumb":{"@id":"https:\/\/zk.kleszczewo.pl\/bip\/kontakt\/#breadcrumb"},"inLanguage":"pl-PL","potentialAction":[{"@type":"ReadAction","target":["https:\/\/zk.kleszczewo.pl\/bip\/kontakt\/"]}]},{"@type":"BreadcrumbList","@id":"https:\/\/zk.kleszczewo.pl\/bip\/kontakt\/#breadcrumb","itemListElement":[{"@type":"ListItem","position":1,"name":"Strona g\u0142\u00f3wna","item":"https:\/\/zk.kleszczewo.pl\/bip\/"},{"@type":"ListItem","position":2,"name":"Kontakt"}]},{"@type":"WebSite","@id":"https:\/\/zk.kleszczewo.pl\/bip\/#website","url":"https:\/\/zk.kleszczewo.pl\/bip\/","name":"BIP - Zak\u0142ad Komunalny w Kleszczewie Sp. z o.o.","description":"","potentialAction":[{"@type":"SearchAction","target":{"@type":"EntryPoint","urlTemplate":"https:\/\/zk.kleszczewo.pl\/bip\/?s={search_term_string}"},"query-input":{"@type":"PropertyValueSpecification","valueRequired":true,"valueName":"search_term_string"}}],"inLanguage":"pl-PL"}]}},"_links":{"self":[{"href":"https:\/\/zk.kleszczewo.pl\/bip\/wp-json\/wp\/v2\/pages\/407","targetHints":{"allow":["GET"]}}],"collection":[{"href":"https:\/\/zk.kleszczewo.pl\/bip\/wp-json\/wp\/v2\/pages"}],"about":[{"href":"https:\/\/zk.kleszczewo.pl\/bip\/wp-json\/wp\/v2\/types\/page"}],"author":[{"embeddable":true,"href":"https:\/\/zk.kleszczewo.pl\/bip\/wp-json\/wp\/v2\/users\/14"}],"replies":[{"embeddable":true,"href":"https:\/\/zk.kleszczewo.pl\/bip\/wp-json\/wp\/v2\/comments?post=407"}],"version-history":[{"count":18,"href":"https:\/\/zk.kleszczewo.pl\/bip\/wp-json\/wp\/v2\/pages\/407\/revisions"}],"predecessor-version":[{"id":4984,"href":"https:\/\/zk.kleszczewo.pl\/bip\/wp-json\/wp\/v2\/pages\/407\/revisions\/4984"}],"wp:attachment":[{"href":"https:\/\/zk.kleszczewo.pl\/bip\/wp-json\/wp\/v2\/media?parent=407"}],"curies":[{"name":"wp","href":"https:\/\/api.w.org\/{rel}","templated":true}]}}