{"id":401,"date":"2017-07-17T08:40:59","date_gmt":"2017-07-17T08:40:59","guid":{"rendered":"http:\/\/zk.kleszczewo.pl\/bip\/?page_id=401"},"modified":"2024-02-01T07:11:00","modified_gmt":"2024-02-01T06:11:00","slug":"do-pobrania","status":"publish","type":"page","link":"https:\/\/zk.kleszczewo.pl\/bip\/do-pobrania\/","title":{"rendered":"Do pobrania"},"content":{"rendered":"<p><strong>Transport publiczny:<br \/><\/strong><a href=\"http:\/\/zk.kleszczewo.pl\/bip\/wp-content\/uploads\/2017\/07\/Wniosek_o_wynajem_autobusu.pdf\" target=\"_blank\" rel=\"noopener noreferrer\">wniosek o wynajem autobusu<\/a><br \/><a href=\"http:\/\/zk.kleszczewo.pl\/bip\/wp-content\/uploads\/2017\/07\/Cennik_swiadczonych_uslug_za_wynajem_autobusu.doc\" target=\"_blank\" rel=\"noopener noreferrer\">cennik za wynajem autobusu<\/a><\/p>\n<p><strong>Wodoci\u0105gi i Kanalizacja:<br \/><\/strong><a href=\"http:\/\/zk.kleszczewo.pl\/bip\/wp-content\/uploads\/2019\/11\/Wniosek-warunki-techniczne.pdf\">Wniosek o wydanie warunk\u00f3w technicznych przy\u0142\u0105cza wodoci\u0105gowego\/kanalizacyjnego<\/a><strong><br \/><\/strong><a href=\"http:\/\/zk.kleszczewo.pl\/bip\/wp-content\/uploads\/2018\/09\/Regulamin-dostarczania-wody-i-odprowadzania-\u015bciek\u00f3w-obowi\u0105zuj\u0105cego-na-terenie-gminy-Kleszczewo.pdf\">Regulamin dostarczania wody i odprowadzania \u015bciek\u00f3w obowi\u0105zuj\u0105cego na terenie gminy Kleszczewo<\/a><br \/><a href=\"http:\/\/zk.kleszczewo.pl\/bip\/wp-content\/uploads\/2019\/03\/wniosek-na-dodatkowy-wodomierz.pdf\">wniosek na dodatkowy wodomierz<\/a><br \/><a href=\"http:\/\/zk.kleszczewo.pl\/bip\/wp-content\/uploads\/2019\/03\/wniosek-na-wykonanie-ekspertyzy-wodomierza.pdf\">wniosek na wykonanie ekspertyzy wodomierza<\/a><br \/><a href=\"http:\/\/zk.kleszczewo.pl\/bip\/wp-content\/uploads\/2017\/07\/zgloszenie_zamiaru_budowy_przylacza.pdf\" target=\"_blank\" rel=\"noopener noreferrer\">zg\u0142oszenie zamiaru budowy przy\u0142\u0105cza<\/a><br \/><a href=\"http:\/\/zk.kleszczewo.pl\/bip\/wp-content\/uploads\/2017\/07\/Oswiadczenie_o_prawie_do_dysponowania_nieruchomoscia.pdf\" target=\"_blank\" rel=\"noopener noreferrer\">o\u015bwiadczenie o prawie do dysponowania nieruchomo\u015bci\u0105<\/a><\/p>\n<p><strong>Op\u0142aty za us\u0142ugi \u015bwiadczone przez ZK Kleszczewo Sp. z o.o.<br \/><\/strong><a href=\"http:\/\/zk.kleszczewo.pl\/bip\/wp-content\/uploads\/2024\/02\/Cennik-01.01.2024.pdf\">Zarz\u0105dzenie nr 1\/01\/2024 Prezesa Zarz\u0105du Zak\u0142adu Komunalnego w Kleszczewie Sp. z o.o. z 16 stycznia 2024 roku w sprawie op\u0142at za us\u0142ugi \u015bwiadczone przez Zak\u0142ad Komunalny w Kleszczewie Sp. o.o.<\/a><strong><br \/><\/strong><\/p>\n<p><strong>Aktualne wyniki bada\u0144 wody:<br \/><\/strong><a href=\"http:\/\/zk.kleszczewo.pl\/bip\/wp-content\/uploads\/2019\/11\/Badania-labor.wody_.pdf\">Aktualne badania wody<\/a><\/p>\n<p><strong>Regulamin udzielania zam\u00f3wie\u0144 publicznych udzielanych przez ZK Kleszczewo Sp. z o. o.<\/strong><\/p>\n<p><a href=\"http:\/\/zk.kleszczewo.pl\/bip\/wp-content\/uploads\/2024\/01\/Regulamin-udzielania-zamowien-publicznych.pdf\">Regulamin udzielania zam\u00f3wie\u0144 publicznych<\/a><\/p>\n\n\n<p><\/p>\n","protected":false},"excerpt":{"rendered":"<p>Transport publiczny:wniosek o wynajem autobusucennik za wynajem autobusu Wodoci\u0105gi i Kanalizacja:Wniosek o wydanie warunk\u00f3w technicznych przy\u0142\u0105cza wodoci\u0105gowego\/kanalizacyjnegoRegulamin dostarczania wody i odprowadzania \u015bciek\u00f3w obowi\u0105zuj\u0105cego na terenie gminy Kleszczewowniosek na dodatkowy wodomierzwniosek na wykonanie ekspertyzy wodomierzazg\u0142oszenie zamiaru budowy przy\u0142\u0105czao\u015bwiadczenie o prawie do dysponowania nieruchomo\u015bci\u0105 Op\u0142aty za us\u0142ugi \u015bwiadczone przez ZK Kleszczewo Sp. z o.o.Zarz\u0105dzenie nr 1\/01\/2024 Prezesa [&hellip;]<\/p>\n","protected":false},"author":14,"featured_media":0,"parent":0,"menu_order":0,"comment_status":"closed","ping_status":"closed","template":"","meta":{"footnotes":""},"class_list":["post-401","page","type-page","status-publish","hentry"],"yoast_head":"<!-- This site is optimized with the Yoast SEO plugin v27.4 - https:\/\/yoast.com\/product\/yoast-seo-wordpress\/ -->\n<title>Do pobrania - BIP - Zak\u0142ad Komunalny w Kleszczewie Sp. z o.o.<\/title>\n<meta name=\"robots\" content=\"index, follow, max-snippet:-1, max-image-preview:large, max-video-preview:-1\" \/>\n<link rel=\"canonical\" href=\"https:\/\/zk.kleszczewo.pl\/bip\/do-pobrania\/\" \/>\n<meta property=\"og:locale\" content=\"pl_PL\" \/>\n<meta property=\"og:type\" content=\"article\" \/>\n<meta property=\"og:title\" content=\"Do pobrania - BIP - Zak\u0142ad Komunalny w Kleszczewie Sp. z o.o.\" \/>\n<meta property=\"og:description\" content=\"Transport publiczny:wniosek o wynajem autobusucennik za wynajem autobusu Wodoci\u0105gi i Kanalizacja:Wniosek o wydanie warunk\u00f3w technicznych przy\u0142\u0105cza wodoci\u0105gowego\/kanalizacyjnegoRegulamin dostarczania wody i odprowadzania \u015bciek\u00f3w obowi\u0105zuj\u0105cego na terenie gminy Kleszczewowniosek na dodatkowy wodomierzwniosek na wykonanie ekspertyzy wodomierzazg\u0142oszenie zamiaru budowy przy\u0142\u0105czao\u015bwiadczenie o prawie do dysponowania nieruchomo\u015bci\u0105 Op\u0142aty za us\u0142ugi \u015bwiadczone przez ZK Kleszczewo Sp. z o.o.Zarz\u0105dzenie nr 1\/01\/2024 Prezesa [&hellip;]\" \/>\n<meta property=\"og:url\" content=\"https:\/\/zk.kleszczewo.pl\/bip\/do-pobrania\/\" \/>\n<meta property=\"og:site_name\" content=\"BIP - Zak\u0142ad Komunalny w Kleszczewie Sp. z o.o.\" \/>\n<meta property=\"article:modified_time\" content=\"2024-02-01T06:11:00+00:00\" \/>\n<meta name=\"twitter:label1\" content=\"Szacowany czas czytania\" \/>\n\t<meta name=\"twitter:data1\" content=\"1 minuta\" \/>\n<script type=\"application\/ld+json\" class=\"yoast-schema-graph\">{\"@context\":\"https:\\\/\\\/schema.org\",\"@graph\":[{\"@type\":\"WebPage\",\"@id\":\"https:\\\/\\\/zk.kleszczewo.pl\\\/bip\\\/do-pobrania\\\/\",\"url\":\"https:\\\/\\\/zk.kleszczewo.pl\\\/bip\\\/do-pobrania\\\/\",\"name\":\"Do pobrania - BIP - Zak\u0142ad Komunalny w Kleszczewie Sp. z o.o.\",\"isPartOf\":{\"@id\":\"https:\\\/\\\/zk.kleszczewo.pl\\\/bip\\\/#website\"},\"datePublished\":\"2017-07-17T08:40:59+00:00\",\"dateModified\":\"2024-02-01T06:11:00+00:00\",\"breadcrumb\":{\"@id\":\"https:\\\/\\\/zk.kleszczewo.pl\\\/bip\\\/do-pobrania\\\/#breadcrumb\"},\"inLanguage\":\"pl-PL\",\"potentialAction\":[{\"@type\":\"ReadAction\",\"target\":[\"https:\\\/\\\/zk.kleszczewo.pl\\\/bip\\\/do-pobrania\\\/\"]}]},{\"@type\":\"BreadcrumbList\",\"@id\":\"https:\\\/\\\/zk.kleszczewo.pl\\\/bip\\\/do-pobrania\\\/#breadcrumb\",\"itemListElement\":[{\"@type\":\"ListItem\",\"position\":1,\"name\":\"Strona g\u0142\u00f3wna\",\"item\":\"https:\\\/\\\/zk.kleszczewo.pl\\\/bip\\\/\"},{\"@type\":\"ListItem\",\"position\":2,\"name\":\"Do pobrania\"}]},{\"@type\":\"WebSite\",\"@id\":\"https:\\\/\\\/zk.kleszczewo.pl\\\/bip\\\/#website\",\"url\":\"https:\\\/\\\/zk.kleszczewo.pl\\\/bip\\\/\",\"name\":\"BIP - Zak\u0142ad Komunalny w Kleszczewie Sp. z o.o.\",\"description\":\"\",\"potentialAction\":[{\"@type\":\"SearchAction\",\"target\":{\"@type\":\"EntryPoint\",\"urlTemplate\":\"https:\\\/\\\/zk.kleszczewo.pl\\\/bip\\\/?s={search_term_string}\"},\"query-input\":{\"@type\":\"PropertyValueSpecification\",\"valueRequired\":true,\"valueName\":\"search_term_string\"}}],\"inLanguage\":\"pl-PL\"}]}<\/script>\n<!-- \/ Yoast SEO plugin. -->","yoast_head_json":{"title":"Do pobrania - BIP - Zak\u0142ad Komunalny w Kleszczewie Sp. z o.o.","robots":{"index":"index","follow":"follow","max-snippet":"max-snippet:-1","max-image-preview":"max-image-preview:large","max-video-preview":"max-video-preview:-1"},"canonical":"https:\/\/zk.kleszczewo.pl\/bip\/do-pobrania\/","og_locale":"pl_PL","og_type":"article","og_title":"Do pobrania - BIP - Zak\u0142ad Komunalny w Kleszczewie Sp. z o.o.","og_description":"Transport publiczny:wniosek o wynajem autobusucennik za wynajem autobusu Wodoci\u0105gi i Kanalizacja:Wniosek o wydanie warunk\u00f3w technicznych przy\u0142\u0105cza wodoci\u0105gowego\/kanalizacyjnegoRegulamin dostarczania wody i odprowadzania \u015bciek\u00f3w obowi\u0105zuj\u0105cego na terenie gminy Kleszczewowniosek na dodatkowy wodomierzwniosek na wykonanie ekspertyzy wodomierzazg\u0142oszenie zamiaru budowy przy\u0142\u0105czao\u015bwiadczenie o prawie do dysponowania nieruchomo\u015bci\u0105 Op\u0142aty za us\u0142ugi \u015bwiadczone przez ZK Kleszczewo Sp. z o.o.Zarz\u0105dzenie nr 1\/01\/2024 Prezesa [&hellip;]","og_url":"https:\/\/zk.kleszczewo.pl\/bip\/do-pobrania\/","og_site_name":"BIP - Zak\u0142ad Komunalny w Kleszczewie Sp. z o.o.","article_modified_time":"2024-02-01T06:11:00+00:00","twitter_misc":{"Szacowany czas czytania":"1 minuta"},"schema":{"@context":"https:\/\/schema.org","@graph":[{"@type":"WebPage","@id":"https:\/\/zk.kleszczewo.pl\/bip\/do-pobrania\/","url":"https:\/\/zk.kleszczewo.pl\/bip\/do-pobrania\/","name":"Do pobrania - BIP - Zak\u0142ad Komunalny w Kleszczewie Sp. z o.o.","isPartOf":{"@id":"https:\/\/zk.kleszczewo.pl\/bip\/#website"},"datePublished":"2017-07-17T08:40:59+00:00","dateModified":"2024-02-01T06:11:00+00:00","breadcrumb":{"@id":"https:\/\/zk.kleszczewo.pl\/bip\/do-pobrania\/#breadcrumb"},"inLanguage":"pl-PL","potentialAction":[{"@type":"ReadAction","target":["https:\/\/zk.kleszczewo.pl\/bip\/do-pobrania\/"]}]},{"@type":"BreadcrumbList","@id":"https:\/\/zk.kleszczewo.pl\/bip\/do-pobrania\/#breadcrumb","itemListElement":[{"@type":"ListItem","position":1,"name":"Strona g\u0142\u00f3wna","item":"https:\/\/zk.kleszczewo.pl\/bip\/"},{"@type":"ListItem","position":2,"name":"Do pobrania"}]},{"@type":"WebSite","@id":"https:\/\/zk.kleszczewo.pl\/bip\/#website","url":"https:\/\/zk.kleszczewo.pl\/bip\/","name":"BIP - Zak\u0142ad Komunalny w Kleszczewie Sp. z o.o.","description":"","potentialAction":[{"@type":"SearchAction","target":{"@type":"EntryPoint","urlTemplate":"https:\/\/zk.kleszczewo.pl\/bip\/?s={search_term_string}"},"query-input":{"@type":"PropertyValueSpecification","valueRequired":true,"valueName":"search_term_string"}}],"inLanguage":"pl-PL"}]}},"_links":{"self":[{"href":"https:\/\/zk.kleszczewo.pl\/bip\/wp-json\/wp\/v2\/pages\/401","targetHints":{"allow":["GET"]}}],"collection":[{"href":"https:\/\/zk.kleszczewo.pl\/bip\/wp-json\/wp\/v2\/pages"}],"about":[{"href":"https:\/\/zk.kleszczewo.pl\/bip\/wp-json\/wp\/v2\/types\/page"}],"author":[{"embeddable":true,"href":"https:\/\/zk.kleszczewo.pl\/bip\/wp-json\/wp\/v2\/users\/14"}],"replies":[{"embeddable":true,"href":"https:\/\/zk.kleszczewo.pl\/bip\/wp-json\/wp\/v2\/comments?post=401"}],"version-history":[{"count":17,"href":"https:\/\/zk.kleszczewo.pl\/bip\/wp-json\/wp\/v2\/pages\/401\/revisions"}],"predecessor-version":[{"id":4938,"href":"https:\/\/zk.kleszczewo.pl\/bip\/wp-json\/wp\/v2\/pages\/401\/revisions\/4938"}],"wp:attachment":[{"href":"https:\/\/zk.kleszczewo.pl\/bip\/wp-json\/wp\/v2\/media?parent=401"}],"curies":[{"name":"wp","href":"https:\/\/api.w.org\/{rel}","templated":true}]}}