{"id":359,"date":"2017-07-17T08:40:59","date_gmt":"2017-07-17T08:40:59","guid":{"rendered":"http:\/\/zk.kleszczewo.pl\/bip\/?page_id=359"},"modified":"2017-07-17T09:40:59","modified_gmt":"2017-07-17T09:40:59","slug":"redakcja-bip","status":"publish","type":"page","link":"https:\/\/zk.kleszczewo.pl\/bip\/redakcja-bip\/","title":{"rendered":"Redakcja BIP"},"content":{"rendered":"<ul>\n<li>Agnieszka \u015awi\u0105tkowska (<a href=\"mailto:a.swiatkowska@kleszczewo.pl\">a.swiatkowska@kleszczewo.pl<\/a>)<\/li>\n<\/ul>\n","protected":false},"excerpt":{"rendered":"<p>Agnieszka \u015awi\u0105tkowska (a.swiatkowska@kleszczewo.pl)<\/p>\n","protected":false},"author":14,"featured_media":0,"parent":0,"menu_order":0,"comment_status":"closed","ping_status":"closed","template":"","meta":{"footnotes":""},"class_list":["post-359","page","type-page","status-publish","hentry"],"yoast_head":"<!-- This site is optimized with the Yoast SEO plugin v27.4 - https:\/\/yoast.com\/product\/yoast-seo-wordpress\/ -->\n<title>Redakcja BIP - BIP - Zak\u0142ad Komunalny w Kleszczewie Sp. z o.o.<\/title>\n<meta name=\"robots\" content=\"index, follow, max-snippet:-1, max-image-preview:large, max-video-preview:-1\" \/>\n<link rel=\"canonical\" href=\"https:\/\/zk.kleszczewo.pl\/bip\/redakcja-bip\/\" \/>\n<meta property=\"og:locale\" content=\"pl_PL\" \/>\n<meta property=\"og:type\" content=\"article\" \/>\n<meta property=\"og:title\" content=\"Redakcja BIP - BIP - Zak\u0142ad Komunalny w Kleszczewie Sp. z o.o.\" \/>\n<meta property=\"og:description\" content=\"Agnieszka \u015awi\u0105tkowska (a.swiatkowska@kleszczewo.pl)\" \/>\n<meta property=\"og:url\" content=\"https:\/\/zk.kleszczewo.pl\/bip\/redakcja-bip\/\" \/>\n<meta property=\"og:site_name\" content=\"BIP - Zak\u0142ad Komunalny w Kleszczewie Sp. z o.o.\" \/>\n<meta property=\"article:modified_time\" content=\"2017-07-17T09:40:59+00:00\" \/>\n<script type=\"application\/ld+json\" class=\"yoast-schema-graph\">{\"@context\":\"https:\\\/\\\/schema.org\",\"@graph\":[{\"@type\":\"WebPage\",\"@id\":\"https:\\\/\\\/zk.kleszczewo.pl\\\/bip\\\/redakcja-bip\\\/\",\"url\":\"https:\\\/\\\/zk.kleszczewo.pl\\\/bip\\\/redakcja-bip\\\/\",\"name\":\"Redakcja BIP - BIP - Zak\u0142ad Komunalny w Kleszczewie Sp. z o.o.\",\"isPartOf\":{\"@id\":\"https:\\\/\\\/zk.kleszczewo.pl\\\/bip\\\/#website\"},\"datePublished\":\"2017-07-17T08:40:59+00:00\",\"dateModified\":\"2017-07-17T09:40:59+00:00\",\"breadcrumb\":{\"@id\":\"https:\\\/\\\/zk.kleszczewo.pl\\\/bip\\\/redakcja-bip\\\/#breadcrumb\"},\"inLanguage\":\"pl-PL\",\"potentialAction\":[{\"@type\":\"ReadAction\",\"target\":[\"https:\\\/\\\/zk.kleszczewo.pl\\\/bip\\\/redakcja-bip\\\/\"]}]},{\"@type\":\"BreadcrumbList\",\"@id\":\"https:\\\/\\\/zk.kleszczewo.pl\\\/bip\\\/redakcja-bip\\\/#breadcrumb\",\"itemListElement\":[{\"@type\":\"ListItem\",\"position\":1,\"name\":\"Strona g\u0142\u00f3wna\",\"item\":\"https:\\\/\\\/zk.kleszczewo.pl\\\/bip\\\/\"},{\"@type\":\"ListItem\",\"position\":2,\"name\":\"Redakcja BIP\"}]},{\"@type\":\"WebSite\",\"@id\":\"https:\\\/\\\/zk.kleszczewo.pl\\\/bip\\\/#website\",\"url\":\"https:\\\/\\\/zk.kleszczewo.pl\\\/bip\\\/\",\"name\":\"BIP - Zak\u0142ad Komunalny w Kleszczewie Sp. z o.o.\",\"description\":\"\",\"potentialAction\":[{\"@type\":\"SearchAction\",\"target\":{\"@type\":\"EntryPoint\",\"urlTemplate\":\"https:\\\/\\\/zk.kleszczewo.pl\\\/bip\\\/?s={search_term_string}\"},\"query-input\":{\"@type\":\"PropertyValueSpecification\",\"valueRequired\":true,\"valueName\":\"search_term_string\"}}],\"inLanguage\":\"pl-PL\"}]}<\/script>\n<!-- \/ Yoast SEO plugin. -->","yoast_head_json":{"title":"Redakcja BIP - BIP - Zak\u0142ad Komunalny w Kleszczewie Sp. z o.o.","robots":{"index":"index","follow":"follow","max-snippet":"max-snippet:-1","max-image-preview":"max-image-preview:large","max-video-preview":"max-video-preview:-1"},"canonical":"https:\/\/zk.kleszczewo.pl\/bip\/redakcja-bip\/","og_locale":"pl_PL","og_type":"article","og_title":"Redakcja BIP - BIP - Zak\u0142ad Komunalny w Kleszczewie Sp. z o.o.","og_description":"Agnieszka \u015awi\u0105tkowska (a.swiatkowska@kleszczewo.pl)","og_url":"https:\/\/zk.kleszczewo.pl\/bip\/redakcja-bip\/","og_site_name":"BIP - Zak\u0142ad Komunalny w Kleszczewie Sp. z o.o.","article_modified_time":"2017-07-17T09:40:59+00:00","schema":{"@context":"https:\/\/schema.org","@graph":[{"@type":"WebPage","@id":"https:\/\/zk.kleszczewo.pl\/bip\/redakcja-bip\/","url":"https:\/\/zk.kleszczewo.pl\/bip\/redakcja-bip\/","name":"Redakcja BIP - BIP - Zak\u0142ad Komunalny w Kleszczewie Sp. z o.o.","isPartOf":{"@id":"https:\/\/zk.kleszczewo.pl\/bip\/#website"},"datePublished":"2017-07-17T08:40:59+00:00","dateModified":"2017-07-17T09:40:59+00:00","breadcrumb":{"@id":"https:\/\/zk.kleszczewo.pl\/bip\/redakcja-bip\/#breadcrumb"},"inLanguage":"pl-PL","potentialAction":[{"@type":"ReadAction","target":["https:\/\/zk.kleszczewo.pl\/bip\/redakcja-bip\/"]}]},{"@type":"BreadcrumbList","@id":"https:\/\/zk.kleszczewo.pl\/bip\/redakcja-bip\/#breadcrumb","itemListElement":[{"@type":"ListItem","position":1,"name":"Strona g\u0142\u00f3wna","item":"https:\/\/zk.kleszczewo.pl\/bip\/"},{"@type":"ListItem","position":2,"name":"Redakcja BIP"}]},{"@type":"WebSite","@id":"https:\/\/zk.kleszczewo.pl\/bip\/#website","url":"https:\/\/zk.kleszczewo.pl\/bip\/","name":"BIP - Zak\u0142ad Komunalny w Kleszczewie Sp. z o.o.","description":"","potentialAction":[{"@type":"SearchAction","target":{"@type":"EntryPoint","urlTemplate":"https:\/\/zk.kleszczewo.pl\/bip\/?s={search_term_string}"},"query-input":{"@type":"PropertyValueSpecification","valueRequired":true,"valueName":"search_term_string"}}],"inLanguage":"pl-PL"}]}},"_links":{"self":[{"href":"https:\/\/zk.kleszczewo.pl\/bip\/wp-json\/wp\/v2\/pages\/359","targetHints":{"allow":["GET"]}}],"collection":[{"href":"https:\/\/zk.kleszczewo.pl\/bip\/wp-json\/wp\/v2\/pages"}],"about":[{"href":"https:\/\/zk.kleszczewo.pl\/bip\/wp-json\/wp\/v2\/types\/page"}],"author":[{"embeddable":true,"href":"https:\/\/zk.kleszczewo.pl\/bip\/wp-json\/wp\/v2\/users\/14"}],"replies":[{"embeddable":true,"href":"https:\/\/zk.kleszczewo.pl\/bip\/wp-json\/wp\/v2\/comments?post=359"}],"version-history":[{"count":0,"href":"https:\/\/zk.kleszczewo.pl\/bip\/wp-json\/wp\/v2\/pages\/359\/revisions"}],"wp:attachment":[{"href":"https:\/\/zk.kleszczewo.pl\/bip\/wp-json\/wp\/v2\/media?parent=359"}],"curies":[{"name":"wp","href":"https:\/\/api.w.org\/{rel}","templated":true}]}}