{"id":2918,"date":"2017-07-17T08:40:59","date_gmt":"2017-07-17T08:40:59","guid":{"rendered":"http:\/\/zk.kleszczewo.pl\/bip\/?page_id=2918"},"modified":"2023-03-24T09:17:03","modified_gmt":"2023-03-24T08:17:03","slug":"spolka","status":"publish","type":"page","link":"https:\/\/zk.kleszczewo.pl\/bip\/spolka\/","title":{"rendered":"Sp\u00f3\u0142ka"},"content":{"rendered":"<p><strong>Zgromadzenie Wsp\u00f3lnik\u00f3w<\/strong><\/p>\n<p>mgr. in\u017c. Bogdan Kemnitz \u2013 W\u00f3jt Gminy Kleszczewo<\/p>\n<p><strong>Rada Nadzorcza<\/strong><\/p>\n<p>Sergiusz Foltynowicz \u2013 Przewodnicz\u0105cy Rady Nadzorczej<\/p>\n<p>Tomasz Witulski \u2013 Cz\u0142onek Rady Nadzorczej<\/p>\n<p>Lucyna Stachowska &#8211; Cz\u0142onek Rady Nadzorczej<\/p>\n<p><strong>Zarz\u0105d<\/strong><\/p>\n<p>mgr in\u017c. Ryszard Pomin \u2013 Prezes Zarz\u0105du<\/p>\n","protected":false},"excerpt":{"rendered":"<p>Zgromadzenie Wsp\u00f3lnik\u00f3w mgr. in\u017c. Bogdan Kemnitz \u2013 W\u00f3jt Gminy Kleszczewo Rada Nadzorcza Sergiusz Foltynowicz \u2013 Przewodnicz\u0105cy Rady Nadzorczej Tomasz Witulski \u2013 Cz\u0142onek Rady Nadzorczej Lucyna Stachowska &#8211; Cz\u0142onek Rady Nadzorczej Zarz\u0105d mgr in\u017c. Ryszard Pomin \u2013 Prezes Zarz\u0105du<\/p>\n","protected":false},"author":14,"featured_media":0,"parent":0,"menu_order":0,"comment_status":"closed","ping_status":"closed","template":"","meta":{"footnotes":""},"class_list":["post-2918","page","type-page","status-publish","hentry"],"yoast_head":"<!-- This site is optimized with the Yoast SEO plugin v27.4 - https:\/\/yoast.com\/product\/yoast-seo-wordpress\/ -->\n<title>Sp\u00f3\u0142ka - BIP - Zak\u0142ad Komunalny w Kleszczewie Sp. z o.o.<\/title>\n<meta name=\"robots\" content=\"index, follow, max-snippet:-1, max-image-preview:large, max-video-preview:-1\" \/>\n<link rel=\"canonical\" href=\"https:\/\/zk.kleszczewo.pl\/bip\/spolka\/\" \/>\n<meta property=\"og:locale\" content=\"pl_PL\" \/>\n<meta property=\"og:type\" content=\"article\" \/>\n<meta property=\"og:title\" content=\"Sp\u00f3\u0142ka - BIP - Zak\u0142ad Komunalny w Kleszczewie Sp. z o.o.\" \/>\n<meta property=\"og:description\" content=\"Zgromadzenie Wsp\u00f3lnik\u00f3w mgr. in\u017c. Bogdan Kemnitz \u2013 W\u00f3jt Gminy Kleszczewo Rada Nadzorcza Sergiusz Foltynowicz \u2013 Przewodnicz\u0105cy Rady Nadzorczej Tomasz Witulski \u2013 Cz\u0142onek Rady Nadzorczej Lucyna Stachowska &#8211; Cz\u0142onek Rady Nadzorczej Zarz\u0105d mgr in\u017c. Ryszard Pomin \u2013 Prezes Zarz\u0105du\" \/>\n<meta property=\"og:url\" content=\"https:\/\/zk.kleszczewo.pl\/bip\/spolka\/\" \/>\n<meta property=\"og:site_name\" content=\"BIP - Zak\u0142ad Komunalny w Kleszczewie Sp. z o.o.\" \/>\n<meta property=\"article:modified_time\" content=\"2023-03-24T08:17:03+00:00\" \/>\n<meta name=\"twitter:label1\" content=\"Szacowany czas czytania\" \/>\n\t<meta name=\"twitter:data1\" content=\"1 minuta\" \/>\n<script type=\"application\/ld+json\" class=\"yoast-schema-graph\">{\"@context\":\"https:\\\/\\\/schema.org\",\"@graph\":[{\"@type\":\"WebPage\",\"@id\":\"https:\\\/\\\/zk.kleszczewo.pl\\\/bip\\\/spolka\\\/\",\"url\":\"https:\\\/\\\/zk.kleszczewo.pl\\\/bip\\\/spolka\\\/\",\"name\":\"Sp\u00f3\u0142ka - BIP - Zak\u0142ad Komunalny w Kleszczewie Sp. z o.o.\",\"isPartOf\":{\"@id\":\"https:\\\/\\\/zk.kleszczewo.pl\\\/bip\\\/#website\"},\"datePublished\":\"2017-07-17T08:40:59+00:00\",\"dateModified\":\"2023-03-24T08:17:03+00:00\",\"breadcrumb\":{\"@id\":\"https:\\\/\\\/zk.kleszczewo.pl\\\/bip\\\/spolka\\\/#breadcrumb\"},\"inLanguage\":\"pl-PL\",\"potentialAction\":[{\"@type\":\"ReadAction\",\"target\":[\"https:\\\/\\\/zk.kleszczewo.pl\\\/bip\\\/spolka\\\/\"]}]},{\"@type\":\"BreadcrumbList\",\"@id\":\"https:\\\/\\\/zk.kleszczewo.pl\\\/bip\\\/spolka\\\/#breadcrumb\",\"itemListElement\":[{\"@type\":\"ListItem\",\"position\":1,\"name\":\"Strona g\u0142\u00f3wna\",\"item\":\"https:\\\/\\\/zk.kleszczewo.pl\\\/bip\\\/\"},{\"@type\":\"ListItem\",\"position\":2,\"name\":\"Sp\u00f3\u0142ka\"}]},{\"@type\":\"WebSite\",\"@id\":\"https:\\\/\\\/zk.kleszczewo.pl\\\/bip\\\/#website\",\"url\":\"https:\\\/\\\/zk.kleszczewo.pl\\\/bip\\\/\",\"name\":\"BIP - Zak\u0142ad Komunalny w Kleszczewie Sp. z o.o.\",\"description\":\"\",\"potentialAction\":[{\"@type\":\"SearchAction\",\"target\":{\"@type\":\"EntryPoint\",\"urlTemplate\":\"https:\\\/\\\/zk.kleszczewo.pl\\\/bip\\\/?s={search_term_string}\"},\"query-input\":{\"@type\":\"PropertyValueSpecification\",\"valueRequired\":true,\"valueName\":\"search_term_string\"}}],\"inLanguage\":\"pl-PL\"}]}<\/script>\n<!-- \/ Yoast SEO plugin. -->","yoast_head_json":{"title":"Sp\u00f3\u0142ka - BIP - Zak\u0142ad Komunalny w Kleszczewie Sp. z o.o.","robots":{"index":"index","follow":"follow","max-snippet":"max-snippet:-1","max-image-preview":"max-image-preview:large","max-video-preview":"max-video-preview:-1"},"canonical":"https:\/\/zk.kleszczewo.pl\/bip\/spolka\/","og_locale":"pl_PL","og_type":"article","og_title":"Sp\u00f3\u0142ka - BIP - Zak\u0142ad Komunalny w Kleszczewie Sp. z o.o.","og_description":"Zgromadzenie Wsp\u00f3lnik\u00f3w mgr. in\u017c. Bogdan Kemnitz \u2013 W\u00f3jt Gminy Kleszczewo Rada Nadzorcza Sergiusz Foltynowicz \u2013 Przewodnicz\u0105cy Rady Nadzorczej Tomasz Witulski \u2013 Cz\u0142onek Rady Nadzorczej Lucyna Stachowska &#8211; Cz\u0142onek Rady Nadzorczej Zarz\u0105d mgr in\u017c. Ryszard Pomin \u2013 Prezes Zarz\u0105du","og_url":"https:\/\/zk.kleszczewo.pl\/bip\/spolka\/","og_site_name":"BIP - Zak\u0142ad Komunalny w Kleszczewie Sp. z o.o.","article_modified_time":"2023-03-24T08:17:03+00:00","twitter_misc":{"Szacowany czas czytania":"1 minuta"},"schema":{"@context":"https:\/\/schema.org","@graph":[{"@type":"WebPage","@id":"https:\/\/zk.kleszczewo.pl\/bip\/spolka\/","url":"https:\/\/zk.kleszczewo.pl\/bip\/spolka\/","name":"Sp\u00f3\u0142ka - BIP - Zak\u0142ad Komunalny w Kleszczewie Sp. z o.o.","isPartOf":{"@id":"https:\/\/zk.kleszczewo.pl\/bip\/#website"},"datePublished":"2017-07-17T08:40:59+00:00","dateModified":"2023-03-24T08:17:03+00:00","breadcrumb":{"@id":"https:\/\/zk.kleszczewo.pl\/bip\/spolka\/#breadcrumb"},"inLanguage":"pl-PL","potentialAction":[{"@type":"ReadAction","target":["https:\/\/zk.kleszczewo.pl\/bip\/spolka\/"]}]},{"@type":"BreadcrumbList","@id":"https:\/\/zk.kleszczewo.pl\/bip\/spolka\/#breadcrumb","itemListElement":[{"@type":"ListItem","position":1,"name":"Strona g\u0142\u00f3wna","item":"https:\/\/zk.kleszczewo.pl\/bip\/"},{"@type":"ListItem","position":2,"name":"Sp\u00f3\u0142ka"}]},{"@type":"WebSite","@id":"https:\/\/zk.kleszczewo.pl\/bip\/#website","url":"https:\/\/zk.kleszczewo.pl\/bip\/","name":"BIP - Zak\u0142ad Komunalny w Kleszczewie Sp. z o.o.","description":"","potentialAction":[{"@type":"SearchAction","target":{"@type":"EntryPoint","urlTemplate":"https:\/\/zk.kleszczewo.pl\/bip\/?s={search_term_string}"},"query-input":{"@type":"PropertyValueSpecification","valueRequired":true,"valueName":"search_term_string"}}],"inLanguage":"pl-PL"}]}},"_links":{"self":[{"href":"https:\/\/zk.kleszczewo.pl\/bip\/wp-json\/wp\/v2\/pages\/2918","targetHints":{"allow":["GET"]}}],"collection":[{"href":"https:\/\/zk.kleszczewo.pl\/bip\/wp-json\/wp\/v2\/pages"}],"about":[{"href":"https:\/\/zk.kleszczewo.pl\/bip\/wp-json\/wp\/v2\/types\/page"}],"author":[{"embeddable":true,"href":"https:\/\/zk.kleszczewo.pl\/bip\/wp-json\/wp\/v2\/users\/14"}],"replies":[{"embeddable":true,"href":"https:\/\/zk.kleszczewo.pl\/bip\/wp-json\/wp\/v2\/comments?post=2918"}],"version-history":[{"count":9,"href":"https:\/\/zk.kleszczewo.pl\/bip\/wp-json\/wp\/v2\/pages\/2918\/revisions"}],"predecessor-version":[{"id":4719,"href":"https:\/\/zk.kleszczewo.pl\/bip\/wp-json\/wp\/v2\/pages\/2918\/revisions\/4719"}],"wp:attachment":[{"href":"https:\/\/zk.kleszczewo.pl\/bip\/wp-json\/wp\/v2\/media?parent=2918"}],"curies":[{"name":"wp","href":"https:\/\/api.w.org\/{rel}","templated":true}]}}